{"id":110,"date":"2024-08-05T08:27:15","date_gmt":"2024-08-05T06:27:15","guid":{"rendered":"https:\/\/www.momep.ch\/vz\/?page_id=110"},"modified":"2024-11-22T17:29:49","modified_gmt":"2024-11-22T16:29:49","slug":"about","status":"publish","type":"page","link":"https:\/\/www.vladekzumr.com\/index.php\/about\/","title":{"rendered":"About"},"content":{"rendered":"\t\t<div data-elementor-type=\"wp-page\" data-elementor-id=\"110\" class=\"elementor elementor-110\" data-elementor-post-type=\"page\">\n\t\t\t\t\t\t<section class=\"elementor-section elementor-top-section elementor-element elementor-element-6839c448 elementor-section-boxed elementor-section-height-default elementor-section-height-default\" data-id=\"6839c448\" data-element_type=\"section\" data-e-type=\"section\" data-settings=\"{&quot;background_background&quot;:&quot;classic&quot;}\">\n\t\t\t\t\t\t\t<div class=\"elementor-background-overlay\"><\/div>\n\t\t\t\t\t\t\t<div class=\"elementor-container elementor-column-gap-no\">\n\t\t\t\t\t<div class=\"elementor-column elementor-col-100 elementor-top-column elementor-element elementor-element-6731626c\" data-id=\"6731626c\" data-element_type=\"column\" data-e-type=\"column\">\n\t\t\t<div class=\"elementor-widget-wrap elementor-element-populated\">\n\t\t\t\t\t\t<div class=\"elementor-element elementor-element-560ab406 elementor-widget elementor-widget-heading\" data-id=\"560ab406\" data-element_type=\"widget\" data-e-type=\"widget\" data-widget_type=\"heading.default\">\n\t\t\t\t<div class=\"elementor-widget-container\">\n\t\t\t\t\t<h2 class=\"elementor-heading-title elementor-size-default\">About Me<\/h2>\t\t\t\t<\/div>\n\t\t\t\t<\/div>\n\t\t\t\t<div class=\"elementor-element elementor-element-55869c78 elementor-icon-list--layout-inline elementor-align-center elementor-widget__width-auto elementor-list-item-link-full_width elementor-widget elementor-widget-icon-list\" data-id=\"55869c78\" data-element_type=\"widget\" data-e-type=\"widget\" data-widget_type=\"icon-list.default\">\n\t\t\t\t<div class=\"elementor-widget-container\">\n\t\t\t\t\t\t\t<ul class=\"elementor-icon-list-items elementor-inline-items\">\n\t\t\t\t\t\t\t<li class=\"elementor-icon-list-item elementor-inline-item\">\n\t\t\t\t\t\t\t\t\t\t<span class=\"elementor-icon-list-text\">Home<\/span>\n\t\t\t\t\t\t\t\t\t<\/li>\n\t\t\t\t\t\t<\/ul>\n\t\t\t\t\t\t<\/div>\n\t\t\t\t<\/div>\n\t\t\t\t<div class=\"elementor-element elementor-element-47320b6f elementor-icon-list--layout-inline elementor-align-center elementor-widget__width-auto elementor-list-item-link-full_width elementor-widget elementor-widget-icon-list\" data-id=\"47320b6f\" data-element_type=\"widget\" data-e-type=\"widget\" data-widget_type=\"icon-list.default\">\n\t\t\t\t<div class=\"elementor-widget-container\">\n\t\t\t\t\t\t\t<ul class=\"elementor-icon-list-items elementor-inline-items\">\n\t\t\t\t\t\t\t<li class=\"elementor-icon-list-item elementor-inline-item\">\n\t\t\t\t\t\t\t\t\t\t\t<span class=\"elementor-icon-list-icon\">\n\t\t\t\t\t\t\t<i aria-hidden=\"true\" class=\"jki jki-chevron-right-line\"><\/i>\t\t\t\t\t\t<\/span>\n\t\t\t\t\t\t\t\t\t\t<span class=\"elementor-icon-list-text\">About Me<\/span>\n\t\t\t\t\t\t\t\t\t<\/li>\n\t\t\t\t\t\t<\/ul>\n\t\t\t\t\t\t<\/div>\n\t\t\t\t<\/div>\n\t\t\t\t\t<\/div>\n\t\t<\/div>\n\t\t\t\t\t<\/div>\n\t\t<\/section>\n\t\t\t\t<section class=\"elementor-section elementor-top-section elementor-element elementor-element-38f0c43c elementor-section-boxed elementor-section-height-default elementor-section-height-default\" data-id=\"38f0c43c\" data-element_type=\"section\" data-e-type=\"section\">\n\t\t\t\t\t\t\t<div class=\"elementor-background-overlay\"><\/div>\n\t\t\t\t\t\t\t<div class=\"elementor-container elementor-column-gap-no\">\n\t\t\t\t\t<div class=\"elementor-column elementor-col-50 elementor-top-column elementor-element elementor-element-25cfecc\" data-id=\"25cfecc\" data-element_type=\"column\" data-e-type=\"column\" data-settings=\"{&quot;background_background&quot;:&quot;classic&quot;}\">\n\t\t\t<div class=\"elementor-widget-wrap elementor-element-populated\">\n\t\t\t\t\t\t<section class=\"elementor-section elementor-inner-section elementor-element elementor-element-649579d2 elementor-section-boxed elementor-section-height-default elementor-section-height-default\" data-id=\"649579d2\" data-element_type=\"section\" data-e-type=\"section\">\n\t\t\t\t\t\t<div class=\"elementor-container elementor-column-gap-no\">\n\t\t\t\t\t<div class=\"elementor-column elementor-col-50 elementor-inner-column elementor-element elementor-element-3b899cf4\" data-id=\"3b899cf4\" data-element_type=\"column\" data-e-type=\"column\">\n\t\t\t<div class=\"elementor-widget-wrap elementor-element-populated\">\n\t\t\t\t\t\t<div class=\"elementor-element elementor-element-428c77ed elementor-invisible elementor-widget elementor-widget-image\" data-id=\"428c77ed\" data-element_type=\"widget\" data-e-type=\"widget\" data-settings=\"{&quot;_animation&quot;:&quot;fadeInUp&quot;,&quot;_animation_delay&quot;:500}\" data-widget_type=\"image.default\">\n\t\t\t\t<div class=\"elementor-widget-container\">\n\t\t\t\t\t\t\t\t\t\t\t\t\t\t\t<img fetchpriority=\"high\" decoding=\"async\" width=\"800\" height=\"1000\" src=\"https:\/\/www.vladekzumr.com\/wp-content\/uploads\/2024\/10\/VladekZumr_portrait--819x1024.jpg\" class=\"attachment-large size-large wp-image-1355\" alt=\"\" srcset=\"https:\/\/www.vladekzumr.com\/wp-content\/uploads\/2024\/10\/VladekZumr_portrait--819x1024.jpg 819w, https:\/\/www.vladekzumr.com\/wp-content\/uploads\/2024\/10\/VladekZumr_portrait--240x300.jpg 240w, https:\/\/www.vladekzumr.com\/wp-content\/uploads\/2024\/10\/VladekZumr_portrait--768x960.jpg 768w, https:\/\/www.vladekzumr.com\/wp-content\/uploads\/2024\/10\/VladekZumr_portrait--1229x1536.jpg 1229w, https:\/\/www.vladekzumr.com\/wp-content\/uploads\/2024\/10\/VladekZumr_portrait-.jpg 1536w\" sizes=\"(max-width: 800px) 100vw, 800px\" \/>\t\t\t\t\t\t\t\t\t\t\t\t\t\t\t<\/div>\n\t\t\t\t<\/div>\n\t\t\t\t<div class=\"elementor-element elementor-element-696486ae elementor-invisible elementor-widget elementor-widget-heading\" data-id=\"696486ae\" data-element_type=\"widget\" data-e-type=\"widget\" data-settings=\"{&quot;_animation&quot;:&quot;fadeInRight&quot;,&quot;_animation_delay&quot;:300}\" data-widget_type=\"heading.default\">\n\t\t\t\t<div class=\"elementor-widget-container\">\n\t\t\t\t\t<h4 class=\"elementor-heading-title elementor-size-default\">Vladek Zumr<\/h4>\t\t\t\t<\/div>\n\t\t\t\t<\/div>\n\t\t\t\t\t<\/div>\n\t\t<\/div>\n\t\t\t\t<div class=\"elementor-column elementor-col-50 elementor-inner-column elementor-element elementor-element-11a838fe\" data-id=\"11a838fe\" data-element_type=\"column\" data-e-type=\"column\">\n\t\t\t<div class=\"elementor-widget-wrap elementor-element-populated\">\n\t\t\t\t\t\t<div class=\"elementor-element elementor-element-7023c0b8 elementor-invisible elementor-widget elementor-widget-image\" data-id=\"7023c0b8\" data-element_type=\"widget\" data-e-type=\"widget\" data-settings=\"{&quot;_animation&quot;:&quot;fadeInUp&quot;,&quot;_animation_delay&quot;:1000}\" data-widget_type=\"image.default\">\n\t\t\t\t<div class=\"elementor-widget-container\">\n\t\t\t\t\t\t\t\t\t\t\t\t\t\t\t<img decoding=\"async\" width=\"800\" height=\"1000\" src=\"https:\/\/www.vladekzumr.com\/wp-content\/uploads\/2024\/10\/VladekZumr_portrait-3127-819x1024.jpg\" class=\"attachment-large size-large wp-image-1381\" alt=\"\" srcset=\"https:\/\/www.vladekzumr.com\/wp-content\/uploads\/2024\/10\/VladekZumr_portrait-3127-819x1024.jpg 819w, https:\/\/www.vladekzumr.com\/wp-content\/uploads\/2024\/10\/VladekZumr_portrait-3127-240x300.jpg 240w, https:\/\/www.vladekzumr.com\/wp-content\/uploads\/2024\/10\/VladekZumr_portrait-3127-768x960.jpg 768w, https:\/\/www.vladekzumr.com\/wp-content\/uploads\/2024\/10\/VladekZumr_portrait-3127-1229x1536.jpg 1229w, https:\/\/www.vladekzumr.com\/wp-content\/uploads\/2024\/10\/VladekZumr_portrait-3127.jpg 1536w\" sizes=\"(max-width: 800px) 100vw, 800px\" \/>\t\t\t\t\t\t\t\t\t\t\t\t\t\t\t<\/div>\n\t\t\t\t<\/div>\n\t\t\t\t\t<\/div>\n\t\t<\/div>\n\t\t\t\t\t<\/div>\n\t\t<\/section>\n\t\t<div class=\"elementor-element elementor-element-6dcf0bc e-con-full e-flex e-con e-parent\" data-id=\"6dcf0bc\" data-element_type=\"container\" data-e-type=\"container\">\n\t\t<div class=\"elementor-element elementor-element-f893e76 e-con-full e-flex e-con e-child\" data-id=\"f893e76\" data-element_type=\"container\" data-e-type=\"container\">\n\t\t\t\t<div class=\"elementor-element elementor-element-a7a09a4 elementor-invisible elementor-widget elementor-widget-image\" data-id=\"a7a09a4\" data-element_type=\"widget\" data-e-type=\"widget\" data-settings=\"{&quot;_animation&quot;:&quot;fadeInUp&quot;,&quot;_animation_delay&quot;:500}\" data-widget_type=\"image.default\">\n\t\t\t\t<div class=\"elementor-widget-container\">\n\t\t\t\t\t\t\t\t\t\t\t\t\t\t\t<img decoding=\"async\" width=\"800\" height=\"1000\" src=\"https:\/\/www.vladekzumr.com\/wp-content\/uploads\/2024\/10\/Vladek_zumr_photography-819x1024.jpeg\" class=\"attachment-large size-large wp-image-1372\" alt=\"\" srcset=\"https:\/\/www.vladekzumr.com\/wp-content\/uploads\/2024\/10\/Vladek_zumr_photography-819x1024.jpeg 819w, https:\/\/www.vladekzumr.com\/wp-content\/uploads\/2024\/10\/Vladek_zumr_photography-240x300.jpeg 240w, https:\/\/www.vladekzumr.com\/wp-content\/uploads\/2024\/10\/Vladek_zumr_photography-768x960.jpeg 768w, https:\/\/www.vladekzumr.com\/wp-content\/uploads\/2024\/10\/Vladek_zumr_photography-1229x1536.jpeg 1229w, https:\/\/www.vladekzumr.com\/wp-content\/uploads\/2024\/10\/Vladek_zumr_photography.jpeg 1638w\" sizes=\"(max-width: 800px) 100vw, 800px\" \/>\t\t\t\t\t\t\t\t\t\t\t\t\t\t\t<\/div>\n\t\t\t\t<\/div>\n\t\t\t\t<div class=\"elementor-element elementor-element-a77e28c elementor-invisible elementor-widget elementor-widget-image\" data-id=\"a77e28c\" data-element_type=\"widget\" data-e-type=\"widget\" data-settings=\"{&quot;_animation&quot;:&quot;fadeInUp&quot;,&quot;_animation_delay&quot;:500}\" data-widget_type=\"image.default\">\n\t\t\t\t<div class=\"elementor-widget-container\">\n\t\t\t\t\t\t\t\t\t\t\t\t\t\t\t<img loading=\"lazy\" decoding=\"async\" width=\"729\" height=\"1024\" src=\"https:\/\/www.vladekzumr.com\/wp-content\/uploads\/2024\/10\/VladekZumr_portrait-9630-729x1024.jpg\" class=\"attachment-large size-large wp-image-1363\" alt=\"\" srcset=\"https:\/\/www.vladekzumr.com\/wp-content\/uploads\/2024\/10\/VladekZumr_portrait-9630-729x1024.jpg 729w, https:\/\/www.vladekzumr.com\/wp-content\/uploads\/2024\/10\/VladekZumr_portrait-9630-213x300.jpg 213w, https:\/\/www.vladekzumr.com\/wp-content\/uploads\/2024\/10\/VladekZumr_portrait-9630-768x1079.jpg 768w, https:\/\/www.vladekzumr.com\/wp-content\/uploads\/2024\/10\/VladekZumr_portrait-9630-1093x1536.jpg 1093w, https:\/\/www.vladekzumr.com\/wp-content\/uploads\/2024\/10\/VladekZumr_portrait-9630.jpg 1366w\" sizes=\"(max-width: 729px) 100vw, 729px\" \/>\t\t\t\t\t\t\t\t\t\t\t\t\t\t\t<\/div>\n\t\t\t\t<\/div>\n\t\t\t\t<\/div>\n\t\t<div class=\"elementor-element elementor-element-1573659 e-con-full e-flex e-con e-child\" data-id=\"1573659\" data-element_type=\"container\" data-e-type=\"container\">\n\t\t\t\t<div class=\"elementor-element elementor-element-3b1a752 elementor-invisible elementor-widget elementor-widget-image\" data-id=\"3b1a752\" data-element_type=\"widget\" data-e-type=\"widget\" data-settings=\"{&quot;_animation&quot;:&quot;fadeInUp&quot;,&quot;_animation_delay&quot;:1000}\" data-widget_type=\"image.default\">\n\t\t\t\t<div class=\"elementor-widget-container\">\n\t\t\t\t\t\t\t\t\t\t\t\t\t\t\t<img loading=\"lazy\" decoding=\"async\" width=\"800\" height=\"1000\" src=\"https:\/\/www.vladekzumr.com\/wp-content\/uploads\/2024\/10\/VladekZumr_portrait-0396-819x1024.jpg\" class=\"attachment-large size-large wp-image-1362\" alt=\"\" srcset=\"https:\/\/www.vladekzumr.com\/wp-content\/uploads\/2024\/10\/VladekZumr_portrait-0396-819x1024.jpg 819w, https:\/\/www.vladekzumr.com\/wp-content\/uploads\/2024\/10\/VladekZumr_portrait-0396-240x300.jpg 240w, https:\/\/www.vladekzumr.com\/wp-content\/uploads\/2024\/10\/VladekZumr_portrait-0396-768x960.jpg 768w, https:\/\/www.vladekzumr.com\/wp-content\/uploads\/2024\/10\/VladekZumr_portrait-0396-1229x1536.jpg 1229w, https:\/\/www.vladekzumr.com\/wp-content\/uploads\/2024\/10\/VladekZumr_portrait-0396.jpg 1536w\" sizes=\"(max-width: 800px) 100vw, 800px\" \/>\t\t\t\t\t\t\t\t\t\t\t\t\t\t\t<\/div>\n\t\t\t\t<\/div>\n\t\t\t\t<div class=\"elementor-element elementor-element-9db64d1 elementor-invisible elementor-widget elementor-widget-image\" data-id=\"9db64d1\" data-element_type=\"widget\" data-e-type=\"widget\" data-settings=\"{&quot;_animation&quot;:&quot;fadeInUp&quot;,&quot;_animation_delay&quot;:1000}\" data-widget_type=\"image.default\">\n\t\t\t\t<div class=\"elementor-widget-container\">\n\t\t\t\t\t\t\t\t\t\t\t\t\t\t\t<img loading=\"lazy\" decoding=\"async\" width=\"683\" height=\"1024\" src=\"https:\/\/www.vladekzumr.com\/wp-content\/uploads\/2024\/08\/professional-camera-with-lens-e1648004203517-683x1024.jpg\" class=\"attachment-large size-large wp-image-41\" alt=\"\" srcset=\"https:\/\/www.vladekzumr.com\/wp-content\/uploads\/2024\/08\/professional-camera-with-lens-e1648004203517-683x1024.jpg 683w, https:\/\/www.vladekzumr.com\/wp-content\/uploads\/2024\/08\/professional-camera-with-lens-e1648004203517-200x300.jpg 200w, https:\/\/www.vladekzumr.com\/wp-content\/uploads\/2024\/08\/professional-camera-with-lens-e1648004203517-768x1152.jpg 768w, https:\/\/www.vladekzumr.com\/wp-content\/uploads\/2024\/08\/professional-camera-with-lens-e1648004203517-1024x1536.jpg 1024w, https:\/\/www.vladekzumr.com\/wp-content\/uploads\/2024\/08\/professional-camera-with-lens-e1648004203517.jpg 1280w\" sizes=\"(max-width: 683px) 100vw, 683px\" \/>\t\t\t\t\t\t\t\t\t\t\t\t\t\t\t<\/div>\n\t\t\t\t<\/div>\n\t\t\t\t<\/div>\n\t\t\t\t<\/div>\n\t\t\t\t\t<\/div>\n\t\t<\/div>\n\t\t\t\t<div class=\"elementor-column elementor-col-50 elementor-top-column elementor-element elementor-element-6b2b0038\" data-id=\"6b2b0038\" data-element_type=\"column\" data-e-type=\"column\">\n\t\t\t<div class=\"elementor-widget-wrap elementor-element-populated\">\n\t\t\t\t\t\t<div class=\"elementor-element elementor-element-76071dc1 elementor-widget__width-auto elementor-invisible elementor-widget elementor-widget-jkit_heading\" data-id=\"76071dc1\" data-element_type=\"widget\" data-e-type=\"widget\" data-settings=\"{&quot;_animation&quot;:&quot;fadeInRight&quot;,&quot;_animation_delay&quot;:1200}\" data-widget_type=\"jkit_heading.default\">\n\t\t\t\t<div class=\"elementor-widget-container\">\n\t\t\t\t\t<div  class=\"jeg-elementor-kit jkit-heading  align-left align-tablet- align-mobile- jeg_module___69ff2cf5c8ae4\" ><h4 class=\"heading-section-subtitle  style-color\">About Me<\/h4><div class=\"heading-section-title  display-inline-block\"><h2 class=\"heading-title\">Visual Journeys: <span class=\"style-color\"><span> Exploring the World <\/span><\/span> Through My Lens<\/h2><\/div><div class=\"heading-section-description\"><p>Welcome to my world of adventure, storytelling, and visual artistry. I'm Vladek Zumr, a photographer, videographer, and a climber with an insatiable passion for capturing the essence of the great outdoors.<\/p><p>Born in Liberec, Czech Republic, my love for nature blossomed during countless trips to \u010cesk\u00fd r\u00e1j (Czech Paradise) as a child, where I admired the climbers scaling sandstone formations. While I didn\u2019t start climbing until I tried to impress my girlfriend in my youth, that first experience ignited a fire that has fueled me ever since. For over 25 years, climbing has been my way of connecting with the world, pushing my boundaries both physically and mentally.<\/p><p>During my travels as a climber, I discovered my second great passion\u2014photography. The beauty of the landscapes I encountered was too profound to put into words, so I began capturing them through my lens. Photography allowed me to not only document my journey but also to share the awe-inspiring moments with others. My work is a fusion of adventure and visual storytelling, capturing the raw beauty of nature and the exhilarating emotion of climbing.<\/p><p>Based in Zurich, Switzerland, my photography has taken me across the globe, covering over 100 events in more than 20 countries. I\u2019ve had the privilege of working with leading outdoor brands such as Adidas, Petzl, Black Diamond, and La Sportiva, as well as photographing elite athletes at world-class competitions like the Climbing and Bouldering World Championships, Adidas Rockstars, and more.<\/p><p>My work has been featured in esteemed publications such as The Economist, Climbing Magazine, Rock and Ice, and many others. Whether I\u2019m hanging off a cliff for the perfect shot or capturing the delicate play of light on a mountain peak, my goal is always to tell a story\u2014one that inspires a deeper connection to nature and adventure.<\/p><p>Join me as I continue to explore new heights, both in climbing and photography. Together, let\u2019s embark on a visual journey that captures the untold stories of the world, one climb, one frame, and one story at a time.<\/p><\/div><\/div>\t\t\t\t<\/div>\n\t\t\t\t<\/div>\n\t\t\t\t<section class=\"elementor-section elementor-inner-section elementor-element elementor-element-7ae2353c elementor-section-boxed elementor-section-height-default elementor-section-height-default\" data-id=\"7ae2353c\" data-element_type=\"section\" data-e-type=\"section\">\n\t\t\t\t\t\t<div class=\"elementor-container elementor-column-gap-no\">\n\t\t\t\t\t<div class=\"elementor-column elementor-col-50 elementor-inner-column elementor-element elementor-element-43e71168\" data-id=\"43e71168\" data-element_type=\"column\" data-e-type=\"column\">\n\t\t\t<div class=\"elementor-widget-wrap elementor-element-populated\">\n\t\t\t\t\t\t<div class=\"elementor-element elementor-element-2bede1fb elementor-widget__width-auto animated-slow elementor-view-default elementor-invisible elementor-widget elementor-widget-icon\" data-id=\"2bede1fb\" data-element_type=\"widget\" data-e-type=\"widget\" data-settings=\"{&quot;_animation&quot;:&quot;fadeIn&quot;,&quot;_animation_delay&quot;:800}\" data-widget_type=\"icon.default\">\n\t\t\t\t<div class=\"elementor-widget-container\">\n\t\t\t\t\t\t\t<div class=\"elementor-icon-wrapper\">\n\t\t\t<div class=\"elementor-icon\">\n\t\t\t<svg aria-hidden=\"true\" class=\"e-font-icon-svg e-fas-circle\" viewBox=\"0 0 512 512\" xmlns=\"http:\/\/www.w3.org\/2000\/svg\"><path d=\"M256 8C119 8 8 119 8 256s111 248 248 248 248-111 248-248S393 8 256 8z\"><\/path><\/svg>\t\t\t<\/div>\n\t\t<\/div>\n\t\t\t\t\t\t<\/div>\n\t\t\t\t<\/div>\n\t\t\t\t\t<\/div>\n\t\t<\/div>\n\t\t\t\t<div class=\"elementor-column elementor-col-50 elementor-inner-column elementor-element elementor-element-c1069c1\" data-id=\"c1069c1\" data-element_type=\"column\" data-e-type=\"column\">\n\t\t\t<div class=\"elementor-widget-wrap elementor-element-populated\">\n\t\t\t\t\t\t<div class=\"elementor-element elementor-element-22159bee elementor-invisible elementor-widget elementor-widget-jkit_button\" data-id=\"22159bee\" data-element_type=\"widget\" data-e-type=\"widget\" data-settings=\"{&quot;_animation&quot;:&quot;fadeInRight&quot;,&quot;_animation_delay&quot;:1000}\" data-widget_type=\"jkit_button.default\">\n\t\t\t\t<div class=\"elementor-widget-container\">\n\t\t\t\t\t<div  class=\"jeg-elementor-kit jkit-button  icon-position-after jeg_module__1_69ff2cf5c9844\" ><a href=\"https:\/\/www.vladekzumr.com\/index.php\/portfolio\/\" class=\"jkit-button-wrapper\">Portfolio<i aria-hidden=\"true\" class=\"jki jki-right-arrow2-light\"><\/i><\/a><\/div>\t\t\t\t<\/div>\n\t\t\t\t<\/div>\n\t\t\t\t\t<\/div>\n\t\t<\/div>\n\t\t\t\t\t<\/div>\n\t\t<\/section>\n\t\t\t\t\t<\/div>\n\t\t<\/div>\n\t\t\t\t\t<\/div>\n\t\t<\/section>\n\t\t<div class=\"elementor-element elementor-element-baddf34 e-flex e-con-boxed e-con e-parent\" data-id=\"baddf34\" data-element_type=\"container\" data-e-type=\"container\">\n\t\t\t\t\t<div class=\"e-con-inner\">\n\t\t\t\t<div class=\"elementor-element elementor-element-3dd2b35 elementor-widget__width-auto animated-slow elementor-shape-rounded elementor-grid-0 e-grid-align-center elementor-invisible elementor-widget elementor-widget-social-icons\" data-id=\"3dd2b35\" data-element_type=\"widget\" data-e-type=\"widget\" data-settings=\"{&quot;_animation&quot;:&quot;fadeInUp&quot;,&quot;_animation_delay&quot;:1300}\" data-widget_type=\"social-icons.default\">\n\t\t\t\t<div class=\"elementor-widget-container\">\n\t\t\t\t\t\t\t<div class=\"elementor-social-icons-wrapper elementor-grid\" role=\"list\">\n\t\t\t\t\t\t\t<span class=\"elementor-grid-item\" role=\"listitem\">\n\t\t\t\t\t<a class=\"elementor-icon elementor-social-icon elementor-social-icon-instagram elementor-repeater-item-fdbc218\" href=\"https:\/\/www.instagram.com\/vladek_zumr\/\" target=\"_blank\">\n\t\t\t\t\t\t<span class=\"elementor-screen-only\">Instagram<\/span>\n\t\t\t\t\t\t<svg aria-hidden=\"true\" class=\"e-font-icon-svg e-fab-instagram\" viewBox=\"0 0 448 512\" xmlns=\"http:\/\/www.w3.org\/2000\/svg\"><path d=\"M224.1 141c-63.6 0-114.9 51.3-114.9 114.9s51.3 114.9 114.9 114.9S339 319.5 339 255.9 287.7 141 224.1 141zm0 189.6c-41.1 0-74.7-33.5-74.7-74.7s33.5-74.7 74.7-74.7 74.7 33.5 74.7 74.7-33.6 74.7-74.7 74.7zm146.4-194.3c0 14.9-12 26.8-26.8 26.8-14.9 0-26.8-12-26.8-26.8s12-26.8 26.8-26.8 26.8 12 26.8 26.8zm76.1 27.2c-1.7-35.9-9.9-67.7-36.2-93.9-26.2-26.2-58-34.4-93.9-36.2-37-2.1-147.9-2.1-184.9 0-35.8 1.7-67.6 9.9-93.9 36.1s-34.4 58-36.2 93.9c-2.1 37-2.1 147.9 0 184.9 1.7 35.9 9.9 67.7 36.2 93.9s58 34.4 93.9 36.2c37 2.1 147.9 2.1 184.9 0 35.9-1.7 67.7-9.9 93.9-36.2 26.2-26.2 34.4-58 36.2-93.9 2.1-37 2.1-147.8 0-184.8zM398.8 388c-7.8 19.6-22.9 34.7-42.6 42.6-29.5 11.7-99.5 9-132.1 9s-102.7 2.6-132.1-9c-19.6-7.8-34.7-22.9-42.6-42.6-11.7-29.5-9-99.5-9-132.1s-2.6-102.7 9-132.1c7.8-19.6 22.9-34.7 42.6-42.6 29.5-11.7 99.5-9 132.1-9s102.7-2.6 132.1 9c19.6 7.8 34.7 22.9 42.6 42.6 11.7 29.5 9 99.5 9 132.1s2.7 102.7-9 132.1z\"><\/path><\/svg>\t\t\t\t\t<\/a>\n\t\t\t\t<\/span>\n\t\t\t\t\t\t\t<span class=\"elementor-grid-item\" role=\"listitem\">\n\t\t\t\t\t<a class=\"elementor-icon elementor-social-icon elementor-social-icon-linkedin elementor-repeater-item-ac2316e\" href=\"https:\/\/www.linkedin.com\/in\/vladek-zumr-b31b15110?utm_source=share&#038;utm_campaign=share_via&#038;utm_content=profile&#038;utm_medium=android_app\" target=\"_blank\">\n\t\t\t\t\t\t<span class=\"elementor-screen-only\">Linkedin<\/span>\n\t\t\t\t\t\t<svg aria-hidden=\"true\" class=\"e-font-icon-svg e-fab-linkedin\" viewBox=\"0 0 448 512\" xmlns=\"http:\/\/www.w3.org\/2000\/svg\"><path d=\"M416 32H31.9C14.3 32 0 46.5 0 64.3v383.4C0 465.5 14.3 480 31.9 480H416c17.6 0 32-14.5 32-32.3V64.3c0-17.8-14.4-32.3-32-32.3zM135.4 416H69V202.2h66.5V416zm-33.2-243c-21.3 0-38.5-17.3-38.5-38.5S80.9 96 102.2 96c21.2 0 38.5 17.3 38.5 38.5 0 21.3-17.2 38.5-38.5 38.5zm282.1 243h-66.4V312c0-24.8-.5-56.7-34.5-56.7-34.6 0-39.9 27-39.9 54.9V416h-66.4V202.2h63.7v29.2h.9c8.9-16.8 30.6-34.5 62.9-34.5 67.2 0 79.7 44.3 79.7 101.9V416z\"><\/path><\/svg>\t\t\t\t\t<\/a>\n\t\t\t\t<\/span>\n\t\t\t\t\t\t\t<span class=\"elementor-grid-item\" role=\"listitem\">\n\t\t\t\t\t<a class=\"elementor-icon elementor-social-icon elementor-social-icon-spotify elementor-repeater-item-ad8094a\" href=\"https:\/\/open.spotify.com\/show\/0NAAaV7c5u6ZBsPl9JxVG0?si=rWmrnxnMSt-08NgoStgajg\" target=\"_blank\">\n\t\t\t\t\t\t<span class=\"elementor-screen-only\">Spotify<\/span>\n\t\t\t\t\t\t<svg aria-hidden=\"true\" class=\"e-font-icon-svg e-fab-spotify\" viewBox=\"0 0 496 512\" xmlns=\"http:\/\/www.w3.org\/2000\/svg\"><path d=\"M248 8C111.1 8 0 119.1 0 256s111.1 248 248 248 248-111.1 248-248S384.9 8 248 8zm100.7 364.9c-4.2 0-6.8-1.3-10.7-3.6-62.4-37.6-135-39.2-206.7-24.5-3.9 1-9 2.6-11.9 2.6-9.7 0-15.8-7.7-15.8-15.8 0-10.3 6.1-15.2 13.6-16.8 81.9-18.1 165.6-16.5 237 26.2 6.1 3.9 9.7 7.4 9.7 16.5s-7.1 15.4-15.2 15.4zm26.9-65.6c-5.2 0-8.7-2.3-12.3-4.2-62.5-37-155.7-51.9-238.6-29.4-4.8 1.3-7.4 2.6-11.9 2.6-10.7 0-19.4-8.7-19.4-19.4s5.2-17.8 15.5-20.7c27.8-7.8 56.2-13.6 97.8-13.6 64.9 0 127.6 16.1 177 45.5 8.1 4.8 11.3 11 11.3 19.7-.1 10.8-8.5 19.5-19.4 19.5zm31-76.2c-5.2 0-8.4-1.3-12.9-3.9-71.2-42.5-198.5-52.7-280.9-29.7-3.6 1-8.1 2.6-12.9 2.6-13.2 0-23.3-10.3-23.3-23.6 0-13.6 8.4-21.3 17.4-23.9 35.2-10.3 74.6-15.2 117.5-15.2 73 0 149.5 15.2 205.4 47.8 7.8 4.5 12.9 10.7 12.9 22.6 0 13.6-11 23.3-23.2 23.3z\"><\/path><\/svg>\t\t\t\t\t<\/a>\n\t\t\t\t<\/span>\n\t\t\t\t\t\t\t<span class=\"elementor-grid-item\" role=\"listitem\">\n\t\t\t\t\t<a class=\"elementor-icon elementor-social-icon elementor-social-icon-facebook elementor-repeater-item-917e144\" href=\"https:\/\/www.facebook.com\/vladekzumrphoto\" target=\"_blank\">\n\t\t\t\t\t\t<span class=\"elementor-screen-only\">Facebook<\/span>\n\t\t\t\t\t\t<svg aria-hidden=\"true\" class=\"e-font-icon-svg e-fab-facebook\" viewBox=\"0 0 512 512\" xmlns=\"http:\/\/www.w3.org\/2000\/svg\"><path d=\"M504 256C504 119 393 8 256 8S8 119 8 256c0 123.78 90.69 226.38 209.25 245V327.69h-63V256h63v-54.64c0-62.15 37-96.48 93.67-96.48 27.14 0 55.52 4.84 55.52 4.84v61h-31.28c-30.8 0-40.41 19.12-40.41 38.73V256h68.78l-11 71.69h-57.78V501C413.31 482.38 504 379.78 504 256z\"><\/path><\/svg>\t\t\t\t\t<\/a>\n\t\t\t\t<\/span>\n\t\t\t\t\t<\/div>\n\t\t\t\t\t\t<\/div>\n\t\t\t\t<\/div>\n\t\t\t\t\t<\/div>\n\t\t\t\t<\/div>\n\t\t\t\t<\/div>\n\t\t","protected":false},"excerpt":{"rendered":"<p>About Me Home About Me Vladek Zumr About Me Visual Journeys: Exploring the World Through My Lens Welcome to my world of adventure, storytelling, and visual artistry. I&#8217;m Vladek Zumr, a photographer, videographer, and a climber with an insatiable passion for capturing the essence of the great outdoors. Born in Liberec, Czech Republic, my love [&hellip;]<\/p>\n","protected":false},"author":1,"featured_media":0,"parent":0,"menu_order":0,"comment_status":"closed","ping_status":"closed","template":"elementor_header_footer","meta":{"footnotes":""},"class_list":["post-110","page","type-page","status-publish","hentry"],"_links":{"self":[{"href":"https:\/\/www.vladekzumr.com\/index.php\/wp-json\/wp\/v2\/pages\/110","targetHints":{"allow":["GET"]}}],"collection":[{"href":"https:\/\/www.vladekzumr.com\/index.php\/wp-json\/wp\/v2\/pages"}],"about":[{"href":"https:\/\/www.vladekzumr.com\/index.php\/wp-json\/wp\/v2\/types\/page"}],"author":[{"embeddable":true,"href":"https:\/\/www.vladekzumr.com\/index.php\/wp-json\/wp\/v2\/users\/1"}],"replies":[{"embeddable":true,"href":"https:\/\/www.vladekzumr.com\/index.php\/wp-json\/wp\/v2\/comments?post=110"}],"version-history":[{"count":64,"href":"https:\/\/www.vladekzumr.com\/index.php\/wp-json\/wp\/v2\/pages\/110\/revisions"}],"predecessor-version":[{"id":1742,"href":"https:\/\/www.vladekzumr.com\/index.php\/wp-json\/wp\/v2\/pages\/110\/revisions\/1742"}],"wp:attachment":[{"href":"https:\/\/www.vladekzumr.com\/index.php\/wp-json\/wp\/v2\/media?parent=110"}],"curies":[{"name":"wp","href":"https:\/\/api.w.org\/{rel}","templated":true}]}}